{"id":2079,"date":"2023-05-18T09:54:58","date_gmt":"2023-05-18T07:54:58","guid":{"rendered":"https:\/\/jetcycle.fr\/news\/"},"modified":"2026-04-22T08:08:42","modified_gmt":"2026-04-22T06:08:42","slug":"news","status":"publish","type":"page","link":"https:\/\/jetcycle.fr\/en\/news\/","title":{"rendered":"NEWS"},"content":{"rendered":"<p>[et_pb_section fb_built=&#8221;1&#8243; next_background_color=&#8221;#ffffff&#8221; _builder_version=&#8221;4.20.4&#8243; _module_preset=&#8221;default&#8221; use_background_color_gradient=&#8221;on&#8221; background_color_gradient_stops=&#8221;rgba(0,0,0,0.4) 0%|rgba(0,0,0,0.2) 100%&#8221; background_color_gradient_overlays_image=&#8221;on&#8221; background_image=&#8221;http:\/\/jetcycle.wepaul.com\/wp-content\/uploads\/2023\/04\/jetcycle-actualites.jpg&#8221; height=&#8221;70vh&#8221; bottom_divider_style=&#8221;asymmetric&#8221; locked=&#8221;off&#8221; global_colors_info=&#8221;{}&#8221;][et_pb_row _builder_version=&#8221;4.20.4&#8243; _module_preset=&#8221;default&#8221; positioning=&#8221;absolute&#8221; position_origin_a=&#8221;center_center&#8221; global_colors_info=&#8221;{}&#8221;][et_pb_column type=&#8221;4_4&#8243; _builder_version=&#8221;4.20.4&#8243; _module_preset=&#8221;default&#8221; global_colors_info=&#8221;{}&#8221;][dsm_block_reveal_text block_reveal_text=&#8221;Jetcycle news&#8221; block_reveal_color=&#8221;#c2d500&#8243; block_reveal_delay=&#8221;0&#8243; block_reveal_viewport=&#8221;70%&#8221; _builder_version=&#8221;4.21.0&#8243; _module_preset=&#8221;default&#8221; header_font=&#8221;Roboto|900|on|on|||||&#8221; header_text_align=&#8221;center&#8221; header_text_color=&#8221;#ffffff&#8221; header_font_size=&#8221;40px&#8221; background_enable_color=&#8221;off&#8221; module_alignment=&#8221;center&#8221; custom_margin=&#8221;5px||5px||true|false&#8221; custom_padding=&#8221;10px|15px|10px|15px|true|true&#8221; locked=&#8221;off&#8221; global_colors_info=&#8221;{}&#8221;][\/dsm_block_reveal_text][\/et_pb_column][\/et_pb_row][\/et_pb_section][et_pb_section fb_built=&#8221;1&#8243; _builder_version=&#8221;4.20.4&#8243; _module_preset=&#8221;default&#8221; custom_padding=&#8221;||||false|false&#8221; locked=&#8221;off&#8221; global_colors_info=&#8221;{}&#8221;][et_pb_row _builder_version=&#8221;4.17.4&#8243; _module_preset=&#8221;default&#8221; width=&#8221;90%&#8221; max_width=&#8221;100%&#8221; custom_margin=&#8221;||||false|false&#8221; custom_padding=&#8221;||0px|||&#8221; locked=&#8221;off&#8221; global_colors_info=&#8221;{}&#8221;][et_pb_column type=&#8221;4_4&#8243; _builder_version=&#8221;4.16&#8243; _module_preset=&#8221;default&#8221; global_colors_info=&#8221;{}&#8221;][et_pb_text _builder_version=&#8221;4.21.0&#8243; _module_preset=&#8221;default&#8221; header_2_font_size=&#8221;22px&#8221; header_2_line_height=&#8221;1.3em&#8221; width=&#8221;60%&#8221; module_alignment=&#8221;center&#8221; custom_margin=&#8221;||100px|||&#8221; locked=&#8221;off&#8221; global_colors_info=&#8221;{}&#8221;]<\/p>\n<p style=\"text-align: center;\">Because the connection with our clients and practitioners is paramount for us, We keep you informed of our latest news: product news, trade show participations, latest events. . .<\/p>\n<p>[\/et_pb_text][dgbm_blog_module posts_number=&#8221;10&#8243; type=&#8221;3&#8243; include_categories=&#8221;17&#8243; show_excerpt=&#8221;off&#8221; show_categories=&#8221;off&#8221; show_author=&#8221;off&#8221; show_more=&#8221;on&#8221; equal_height=&#8221;on&#8221; image_as_background=&#8221;on&#8221; image_size=&#8221;large&#8221; button_bg_color=&#8221;#C4D600&#8243; button_at_bottom=&#8221;on&#8221; content_padding=&#8221;200px|30px|200px|30px|true|true&#8221; title_margin=&#8221;||||false|false&#8221; button_padding=&#8221;5px|10px|5px|10px|true|true&#8221; _builder_version=&#8221;4.21.0&#8243; _module_preset=&#8221;default&#8221; title_font=&#8221;|800||on|||||&#8221; title_text_color=&#8221;#FFFFFF&#8221; title_letter_spacing=&#8221;1px&#8221; meta_font=&#8221;||||||||&#8221; meta_text_color=&#8221;#FFFFFF&#8221; meta_font_size=&#8221;12px&#8221; read_more_font=&#8221;|800||on|||||&#8221; read_more_text_align=&#8221;center&#8221; read_more_text_color=&#8221;#005670&#8243; read_more_letter_spacing=&#8221;1px&#8221; pagination_text_color=&#8221;#005670&#8243; background_color=&#8221;rgba(0,0,0,0.5)&#8221; hover_enabled=&#8221;0&#8243; border_style_all_post_item=&#8221;double&#8221; border_width_all_content=&#8221;25px&#8221; border_color_all_content=&#8221;#FFFFFF&#8221; border_style_all_content=&#8221;double&#8221; global_colors_info=&#8221;{}&#8221; button_bg_color__hover_enabled=&#8221;on|hover&#8221; button_bg_color__hover=&#8221;#FFFFFF&#8221; transform_styles__hover_enabled=&#8221;off|desktop&#8221; transform_scale__hover_enabled=&#8221;off|desktop&#8221; transform_translate__hover_enabled=&#8221;off|desktop&#8221; transform_rotate__hover_enabled=&#8221;off|desktop&#8221; transform_skew__hover_enabled=&#8221;off|desktop&#8221; transform_origin__hover_enabled=&#8221;off|desktop&#8221; read_more_text_color__hover_enabled=&#8221;on|desktop&#8221; read_more_text_color__hover=&#8221;#005670&#8243; read_more_text=&#8221;D\u00e9couvrir&#8221; sticky_enabled=&#8221;0&#8243;][\/dgbm_blog_module][et_pb_code _builder_version=&#8221;4.21.0&#8243; _module_preset=&#8221;default&#8221; global_colors_info=&#8221;{}&#8221;]<script><!-- [et_pb_line_break_holder] -->    (function($) {<!-- [et_pb_line_break_holder] -->        $(document).ready(function() {<!-- [et_pb_line_break_holder] -->            $(\".pa-blog .et_pb_post\").each(function() {<!-- [et_pb_line_break_holder] -->                $(this).find(\".entry-title, .post-meta, .post-content \").wrapAll('<\/p>\n<div class=\"pa-blog-text\"><\/div>\n<p>');<!-- [et_pb_line_break_holder] -->            });<!-- [et_pb_line_break_holder] -->            \/\/Do the same for ajax<!-- [et_pb_line_break_holder] -->            $(document).bind('ready ajaxComplete', function() {<!-- [et_pb_line_break_holder] -->                $(\".pa-blog .et_pb_post\").each(function() {<!-- [et_pb_line_break_holder] -->                    $(this).find(\".entry-title, .post-meta, .post-content \").wrapAll('<\/p>\n<div class=\"pa-blog-text\"><\/div>\n<p>');<!-- [et_pb_line_break_holder] -->                });<!-- [et_pb_line_break_holder] -->            });<!-- [et_pb_line_break_holder] -->        });<!-- [et_pb_line_break_holder] -->    })(jQuery); <!-- [et_pb_line_break_holder] --><\/script>[\/et_pb_code][\/et_pb_column][\/et_pb_row][\/et_pb_section][et_pb_section fb_built=&#8221;1&#8243; next_background_color=&#8221;#005670&#8243; _builder_version=&#8221;4.21.0&#8243; _module_preset=&#8221;default&#8221; background_color=&#8221;#B7C9D3&#8243; bottom_divider_style=&#8221;asymmetric&#8221; global_colors_info=&#8221;{}&#8221;][et_pb_row module_id=&#8221;newsletter&#8221; _builder_version=&#8221;4.17.6&#8243; _module_preset=&#8221;default&#8221; background_enable_color=&#8221;off&#8221; locked=&#8221;off&#8221; global_colors_info=&#8221;{}&#8221;][et_pb_column type=&#8221;4_4&#8243; _builder_version=&#8221;4.17.6&#8243; _module_preset=&#8221;default&#8221; global_colors_info=&#8221;{}&#8221;][dsm_block_reveal_text block_reveal_text=&#8221;Follow our latest news, subscribe to our newsletter&#8221; block_reveal_color=&#8221;#c2d500&#8243; block_reveal_delay=&#8221;0&#8243; block_reveal_viewport=&#8221;70%&#8221; _builder_version=&#8221;4.19.4&#8243; _module_preset=&#8221;default&#8221; header_font=&#8221;Roboto|900|on|on|||||&#8221; header_text_align=&#8221;center&#8221; header_text_color=&#8221;#ffffff&#8221; header_font_size=&#8221;30px&#8221; header_letter_spacing=&#8221;3px&#8221; custom_margin=&#8221;5px||5px||true|false&#8221; locked=&#8221;off&#8221; global_colors_info=&#8221;{}&#8221;][\/dsm_block_reveal_text][et_pb_code _builder_version=&#8221;4.17.6&#8243; _module_preset=&#8221;default&#8221; global_colors_info=&#8221;{}&#8221;]<iframe loading=\"lazy\" width=\"540\" height=\"450\" src=\"https:\/\/c7d38778.sibforms.com\/serve\/MUIEAKGUZbprHPnr-L3zf2x7v9behXfBiwwHC9l9yHsSwGT82SxDU4CebxR8swg9alhnHafvOqXrBBVa2okJcR0T3f1GBksVRfaupO5MdGnQQcvvxsZmMpYMZ2QoMgjp3iQ39dUWEdOzevMTc8BuLx3oduDUZGuqijiZLD9lDGuvkAavN8PZ5M5G8NFyewZl26XT9LagpLVqHdPq\" frameborder=\"0\" scrolling=\"auto\" allowfullscreen style=\"display: block;margin-left: auto;margin-right: auto;max-width: 100%;\"><\/iframe>[\/et_pb_code][\/et_pb_column][\/et_pb_row][\/et_pb_section]<\/p>\n","protected":false},"excerpt":{"rendered":"<p>D\u00e9couvrez nos articles : des interviews exclusives, nos derniers \u00e9v\u00e9nements et des conseils pour les amateurs de sports nautiques.<\/p>\n","protected":false},"author":1,"featured_media":1748,"parent":0,"menu_order":0,"comment_status":"closed","ping_status":"closed","template":"","meta":{"_et_pb_use_builder":"on","_et_pb_old_content":"","_et_gb_content_width":"","footnotes":""},"class_list":["post-2079","page","type-page","status-publish","has-post-thumbnail","hentry"],"yoast_head":"<!-- This site is optimized with the Yoast SEO plugin v27.5 - https:\/\/yoast.com\/product\/yoast-seo-wordpress\/ -->\n<title>Actualit\u00e9s : Restez inform\u00e9 de nos \u00e9v\u00e9nements !<\/title>\n<meta name=\"description\" content=\"D\u00e9couvrez nos articles : des interviews exclusives, nos derniers \u00e9v\u00e9nements et des conseils pour les amateurs de sports nautiques.\" \/>\n<meta name=\"robots\" content=\"index, follow, max-snippet:-1, max-image-preview:large, max-video-preview:-1\" \/>\n<link rel=\"canonical\" href=\"https:\/\/jetcycle.fr\/en\/news\/\" \/>\n<meta property=\"og:locale\" content=\"en_US\" \/>\n<meta property=\"og:type\" content=\"article\" \/>\n<meta property=\"og:title\" content=\"Actualit\u00e9s : Restez inform\u00e9 de nos \u00e9v\u00e9nements !\" \/>\n<meta property=\"og:description\" content=\"D\u00e9couvrez nos articles : des interviews exclusives, nos derniers \u00e9v\u00e9nements et des conseils pour les amateurs de sports nautiques.\" \/>\n<meta property=\"og:url\" content=\"https:\/\/jetcycle.fr\/en\/news\/\" \/>\n<meta property=\"og:site_name\" content=\"Jetcycle\" \/>\n<meta property=\"article:modified_time\" content=\"2026-04-22T06:08:42+00:00\" \/>\n<meta property=\"og:image\" content=\"http:\/\/jetcycle.wepaul.com\/wp-content\/uploads\/2023\/04\/jetcycle-actualites-1024x682.jpg\" \/>\n<meta name=\"twitter:card\" content=\"summary_large_image\" \/>\n<meta name=\"twitter:title\" content=\"Actualit\u00e9s : Restez inform\u00e9 de nos \u00e9v\u00e9nements !\" \/>\n<meta name=\"twitter:description\" content=\"D\u00e9couvrez nos articles : des interviews exclusives, nos derniers \u00e9v\u00e9nements et des conseils pour les amateurs de sports nautiques.\" \/>\n<meta name=\"twitter:image\" content=\"http:\/\/jetcycle.wepaul.com\/wp-content\/uploads\/2023\/04\/jetcycle-actualites-1024x682.jpg\" \/>\n<meta name=\"twitter:label1\" content=\"Est. reading time\" \/>\n\t<meta name=\"twitter:data1\" content=\"3 minutes\" \/>\n<script type=\"application\/ld+json\" class=\"yoast-schema-graph\">{\"@context\":\"https:\\\/\\\/schema.org\",\"@graph\":[{\"@type\":\"WebPage\",\"@id\":\"https:\\\/\\\/jetcycle.fr\\\/en\\\/news\\\/\",\"url\":\"https:\\\/\\\/jetcycle.fr\\\/en\\\/news\\\/\",\"name\":\"Actualit\u00e9s : Restez inform\u00e9 de nos \u00e9v\u00e9nements !\",\"isPartOf\":{\"@id\":\"https:\\\/\\\/jetcycle.fr\\\/en\\\/#website\"},\"primaryImageOfPage\":{\"@id\":\"https:\\\/\\\/jetcycle.fr\\\/en\\\/news\\\/#primaryimage\"},\"image\":{\"@id\":\"https:\\\/\\\/jetcycle.fr\\\/en\\\/news\\\/#primaryimage\"},\"thumbnailUrl\":\"https:\\\/\\\/jetcycle.fr\\\/wp-content\\\/uploads\\\/2023\\\/04\\\/jetcycle-actualites.jpg\",\"datePublished\":\"2023-05-18T07:54:58+00:00\",\"dateModified\":\"2026-04-22T06:08:42+00:00\",\"description\":\"D\u00e9couvrez nos articles : des interviews exclusives, nos derniers \u00e9v\u00e9nements et des conseils pour les amateurs de sports nautiques.\",\"breadcrumb\":{\"@id\":\"https:\\\/\\\/jetcycle.fr\\\/en\\\/news\\\/#breadcrumb\"},\"inLanguage\":\"en-US\",\"potentialAction\":[{\"@type\":\"ReadAction\",\"target\":[\"https:\\\/\\\/jetcycle.fr\\\/en\\\/news\\\/\"]}]},{\"@type\":\"ImageObject\",\"inLanguage\":\"en-US\",\"@id\":\"https:\\\/\\\/jetcycle.fr\\\/en\\\/news\\\/#primaryimage\",\"url\":\"https:\\\/\\\/jetcycle.fr\\\/wp-content\\\/uploads\\\/2023\\\/04\\\/jetcycle-actualites.jpg\",\"contentUrl\":\"https:\\\/\\\/jetcycle.fr\\\/wp-content\\\/uploads\\\/2023\\\/04\\\/jetcycle-actualites.jpg\",\"width\":2000,\"height\":1333,\"caption\":\"Luxury water toy\"},{\"@type\":\"BreadcrumbList\",\"@id\":\"https:\\\/\\\/jetcycle.fr\\\/en\\\/news\\\/#breadcrumb\",\"itemListElement\":[{\"@type\":\"ListItem\",\"position\":1,\"name\":\"Accueil\",\"item\":\"https:\\\/\\\/jetcycle.fr\\\/en\\\/\"},{\"@type\":\"ListItem\",\"position\":2,\"name\":\"NEWS\"}]},{\"@type\":\"WebSite\",\"@id\":\"https:\\\/\\\/jetcycle.fr\\\/en\\\/#website\",\"url\":\"https:\\\/\\\/jetcycle.fr\\\/en\\\/\",\"name\":\"Jetcycle\",\"description\":\"P\u00e9daler . Se d\u00e9penser . Voler sur l\u2019eau !\",\"potentialAction\":[{\"@type\":\"SearchAction\",\"target\":{\"@type\":\"EntryPoint\",\"urlTemplate\":\"https:\\\/\\\/jetcycle.fr\\\/en\\\/?s={search_term_string}\"},\"query-input\":{\"@type\":\"PropertyValueSpecification\",\"valueRequired\":true,\"valueName\":\"search_term_string\"}}],\"inLanguage\":\"en-US\"}]}<\/script>\n<!-- \/ Yoast SEO plugin. -->","yoast_head_json":{"title":"Actualit\u00e9s : Restez inform\u00e9 de nos \u00e9v\u00e9nements !","description":"D\u00e9couvrez nos articles : des interviews exclusives, nos derniers \u00e9v\u00e9nements et des conseils pour les amateurs de sports nautiques.","robots":{"index":"index","follow":"follow","max-snippet":"max-snippet:-1","max-image-preview":"max-image-preview:large","max-video-preview":"max-video-preview:-1"},"canonical":"https:\/\/jetcycle.fr\/en\/news\/","og_locale":"en_US","og_type":"article","og_title":"Actualit\u00e9s : Restez inform\u00e9 de nos \u00e9v\u00e9nements !","og_description":"D\u00e9couvrez nos articles : des interviews exclusives, nos derniers \u00e9v\u00e9nements et des conseils pour les amateurs de sports nautiques.","og_url":"https:\/\/jetcycle.fr\/en\/news\/","og_site_name":"Jetcycle","article_modified_time":"2026-04-22T06:08:42+00:00","og_image":[{"url":"http:\/\/jetcycle.wepaul.com\/wp-content\/uploads\/2023\/04\/jetcycle-actualites-1024x682.jpg","type":"","width":"","height":""}],"twitter_card":"summary_large_image","twitter_title":"Actualit\u00e9s : Restez inform\u00e9 de nos \u00e9v\u00e9nements !","twitter_description":"D\u00e9couvrez nos articles : des interviews exclusives, nos derniers \u00e9v\u00e9nements et des conseils pour les amateurs de sports nautiques.","twitter_image":"http:\/\/jetcycle.wepaul.com\/wp-content\/uploads\/2023\/04\/jetcycle-actualites-1024x682.jpg","twitter_misc":{"Est. reading time":"3 minutes"},"schema":{"@context":"https:\/\/schema.org","@graph":[{"@type":"WebPage","@id":"https:\/\/jetcycle.fr\/en\/news\/","url":"https:\/\/jetcycle.fr\/en\/news\/","name":"Actualit\u00e9s : Restez inform\u00e9 de nos \u00e9v\u00e9nements !","isPartOf":{"@id":"https:\/\/jetcycle.fr\/en\/#website"},"primaryImageOfPage":{"@id":"https:\/\/jetcycle.fr\/en\/news\/#primaryimage"},"image":{"@id":"https:\/\/jetcycle.fr\/en\/news\/#primaryimage"},"thumbnailUrl":"https:\/\/jetcycle.fr\/wp-content\/uploads\/2023\/04\/jetcycle-actualites.jpg","datePublished":"2023-05-18T07:54:58+00:00","dateModified":"2026-04-22T06:08:42+00:00","description":"D\u00e9couvrez nos articles : des interviews exclusives, nos derniers \u00e9v\u00e9nements et des conseils pour les amateurs de sports nautiques.","breadcrumb":{"@id":"https:\/\/jetcycle.fr\/en\/news\/#breadcrumb"},"inLanguage":"en-US","potentialAction":[{"@type":"ReadAction","target":["https:\/\/jetcycle.fr\/en\/news\/"]}]},{"@type":"ImageObject","inLanguage":"en-US","@id":"https:\/\/jetcycle.fr\/en\/news\/#primaryimage","url":"https:\/\/jetcycle.fr\/wp-content\/uploads\/2023\/04\/jetcycle-actualites.jpg","contentUrl":"https:\/\/jetcycle.fr\/wp-content\/uploads\/2023\/04\/jetcycle-actualites.jpg","width":2000,"height":1333,"caption":"Luxury water toy"},{"@type":"BreadcrumbList","@id":"https:\/\/jetcycle.fr\/en\/news\/#breadcrumb","itemListElement":[{"@type":"ListItem","position":1,"name":"Accueil","item":"https:\/\/jetcycle.fr\/en\/"},{"@type":"ListItem","position":2,"name":"NEWS"}]},{"@type":"WebSite","@id":"https:\/\/jetcycle.fr\/en\/#website","url":"https:\/\/jetcycle.fr\/en\/","name":"Jetcycle","description":"P\u00e9daler . Se d\u00e9penser . Voler sur l\u2019eau !","potentialAction":[{"@type":"SearchAction","target":{"@type":"EntryPoint","urlTemplate":"https:\/\/jetcycle.fr\/en\/?s={search_term_string}"},"query-input":{"@type":"PropertyValueSpecification","valueRequired":true,"valueName":"search_term_string"}}],"inLanguage":"en-US"}]}},"_links":{"self":[{"href":"https:\/\/jetcycle.fr\/en\/wp-json\/wp\/v2\/pages\/2079","targetHints":{"allow":["GET"]}}],"collection":[{"href":"https:\/\/jetcycle.fr\/en\/wp-json\/wp\/v2\/pages"}],"about":[{"href":"https:\/\/jetcycle.fr\/en\/wp-json\/wp\/v2\/types\/page"}],"author":[{"embeddable":true,"href":"https:\/\/jetcycle.fr\/en\/wp-json\/wp\/v2\/users\/1"}],"replies":[{"embeddable":true,"href":"https:\/\/jetcycle.fr\/en\/wp-json\/wp\/v2\/comments?post=2079"}],"version-history":[{"count":7,"href":"https:\/\/jetcycle.fr\/en\/wp-json\/wp\/v2\/pages\/2079\/revisions"}],"predecessor-version":[{"id":2982,"href":"https:\/\/jetcycle.fr\/en\/wp-json\/wp\/v2\/pages\/2079\/revisions\/2982"}],"wp:featuredmedia":[{"embeddable":true,"href":"https:\/\/jetcycle.fr\/en\/wp-json\/wp\/v2\/media\/1748"}],"wp:attachment":[{"href":"https:\/\/jetcycle.fr\/en\/wp-json\/wp\/v2\/media?parent=2079"}],"curies":[{"name":"wp","href":"https:\/\/api.w.org\/{rel}","templated":true}]}}