{"id":2103,"date":"2023-05-18T10:30:48","date_gmt":"2023-05-18T08:30:48","guid":{"rendered":"https:\/\/jetcycle.fr\/events\/"},"modified":"2026-04-22T08:07:37","modified_gmt":"2026-04-22T06:07:37","slug":"events","status":"publish","type":"page","link":"https:\/\/jetcycle.fr\/en\/events\/","title":{"rendered":"EVENTS"},"content":{"rendered":"<p>[et_pb_section fb_built=&#8221;1&#8243; next_background_color=&#8221;#ffffff&#8221; _builder_version=&#8221;4.21.0&#8243; _module_preset=&#8221;default&#8221; use_background_color_gradient=&#8221;on&#8221; background_color_gradient_stops=&#8221;rgba(0,0,0,0.4) 0%|rgba(0,0,0,0.2) 100%&#8221; background_color_gradient_overlays_image=&#8221;on&#8221; background_image=&#8221;http:\/\/jetcycle.wepaul.com\/wp-content\/uploads\/2023\/01\/jetcycle-evenemnts-main.jpg&#8221; background_position=&#8221;bottom_center&#8221; height=&#8221;70vh&#8221; bottom_divider_style=&#8221;asymmetric&#8221; locked=&#8221;off&#8221; global_colors_info=&#8221;{}&#8221;][et_pb_row _builder_version=&#8221;4.20.4&#8243; _module_preset=&#8221;default&#8221; positioning=&#8221;absolute&#8221; position_origin_a=&#8221;center_center&#8221; global_colors_info=&#8221;{}&#8221;][et_pb_column type=&#8221;4_4&#8243; _builder_version=&#8221;4.20.4&#8243; _module_preset=&#8221;default&#8221; global_colors_info=&#8221;{}&#8221;][dsm_block_reveal_text block_reveal_text=&#8221;Foilcycling Game&#8221; heading_html_tag=&#8221;h1&#8243; block_reveal_color=&#8221;#c2d500&#8243; block_reveal_delay=&#8221;0&#8243; block_reveal_viewport=&#8221;70%&#8221; _builder_version=&#8221;4.21.0&#8243; _module_preset=&#8221;default&#8221; header_font=&#8221;Roboto|900|on|on|||||&#8221; header_text_align=&#8221;center&#8221; header_text_color=&#8221;#ffffff&#8221; header_font_size=&#8221;40px&#8221; background_enable_color=&#8221;off&#8221; module_alignment=&#8221;center&#8221; custom_margin=&#8221;5px||5px||true|false&#8221; custom_padding=&#8221;10px|15px|10px|15px|true|true&#8221; locked=&#8221;off&#8221; global_colors_info=&#8221;{}&#8221;][\/dsm_block_reveal_text][\/et_pb_column][\/et_pb_row][\/et_pb_section][et_pb_section fb_built=&#8221;1&#8243; next_background_color=&#8221;#005670&#8243; module_id=&#8221;top&#8221; _builder_version=&#8221;4.21.0&#8243; _module_preset=&#8221;default&#8221; background_enable_color=&#8221;off&#8221; background_enable_image=&#8221;off&#8221; background_enable_video_mp4=&#8221;off&#8221; width=&#8221;100vw&#8221; custom_padding=&#8221;0px||150px||false|false&#8221; bottom_divider_style=&#8221;asymmetric&#8221; bottom_divider_height=&#8221;89px&#8221; bottom_divider_repeat=&#8221;0x&#8221; background_last_edited=&#8221;off|desktop&#8221; background_image_phone=&#8221;http:\/\/jetcycle.wepaul.com\/wp-content\/uploads\/2021\/06\/bg-image-headermobiletest2.jpg&#8221; background_enable_image_phone=&#8221;on&#8221; locked=&#8221;off&#8221; global_colors_info=&#8221;{}&#8221; background__hover_enabled=&#8221;off|desktop&#8221;][et_pb_row make_equal=&#8221;on&#8221; _builder_version=&#8221;4.20.2&#8243; _module_preset=&#8221;default&#8221; width=&#8221;90%&#8221; max_width=&#8221;100%&#8221; custom_margin=&#8221;75px||||false|false&#8221; custom_padding=&#8221;0px||75px|||&#8221; global_colors_info=&#8221;{}&#8221;][et_pb_column type=&#8221;4_4&#8243; _builder_version=&#8221;4.20.2&#8243; _module_preset=&#8221;default&#8221; background_color=&#8221;#FFFFFF&#8221; global_colors_info=&#8221;{}&#8221; background__hover_enabled=&#8221;off|desktop&#8221; background_color__hover=&#8221;#f6f6f6&#8243; background_enable_color__hover=&#8221;on&#8221;][et_pb_text _builder_version=&#8221;4.21.0&#8243; _module_preset=&#8221;default&#8221; text_font=&#8221;||||||||&#8221; header_3_text_align=&#8221;center&#8221; header_3_text_color=&#8221;#C4D600&#8243; header_3_font_size=&#8221;20px&#8221; header_3_letter_spacing=&#8221;1px&#8221; header_3_line_height=&#8221;1.3em&#8221; width=&#8221;80%&#8221; module_alignment=&#8221;center&#8221; hover_enabled=&#8221;0&#8243; global_colors_info=&#8221;{}&#8221; sticky_enabled=&#8221;0&#8243;]<\/p>\n<h2 style=\"text-align: center;\"><strong>The new funny and sporty team building arrives on the Annecy lake!<br \/>\n<\/strong><\/h2>\n<p><\/p>\n<p style=\"text-align: center;\">A foil cycling morning in team building on the Annecy lake.<br \/>\nTo make the most of the experience, we need to have calm water and acceptable weather. In case of bad weather, postponement to another date is free of charge.<\/span><\/p>\n<p>[\/et_pb_text][\/et_pb_column][\/et_pb_row][et_pb_row _builder_version=&#8221;4.20.2&#8243; _module_preset=&#8221;default&#8221; width=&#8221;100%&#8221; max_width=&#8221;2560px&#8221; global_colors_info=&#8221;{}&#8221;][et_pb_column type=&#8221;4_4&#8243; _builder_version=&#8221;4.20.2&#8243; _module_preset=&#8221;default&#8221; global_colors_info=&#8221;{}&#8221;][et_pb_image src=&#8221;http:\/\/jetcycle.wepaul.com\/wp-content\/uploads\/2023\/03\/FLYERINFOS_FCG-finalweb.jpg&#8221; title_text=&#8221;FLYERINFOS_FCG-finalweb&#8221; _builder_version=&#8221;4.20.2&#8243; _module_preset=&#8221;default&#8221; global_colors_info=&#8221;{}&#8221;][\/et_pb_image][\/et_pb_column][\/et_pb_row][et_pb_row _builder_version=&#8221;4.19.4&#8243; _module_preset=&#8221;default&#8221; width=&#8221;90%&#8221; max_width=&#8221;100%&#8221; custom_margin=&#8221;||||false|false&#8221; custom_padding=&#8221;50px||50px||true|false&#8221; module_alignment_phone=&#8221;right&#8221; module_alignment_last_edited=&#8221;off|phone&#8221; locked=&#8221;off&#8221; global_colors_info=&#8221;{}&#8221;][et_pb_column type=&#8221;4_4&#8243; _builder_version=&#8221;4.16&#8243; _module_preset=&#8221;default&#8221; global_colors_info=&#8221;{}&#8221;][et_pb_button button_url=&#8221;@ET-DC@eyJkeW5hbWljIjp0cnVlLCJjb250ZW50IjoicG9zdF9saW5rX3VybF9wYWdlIiwic2V0dGluZ3MiOnsicG9zdF9pZCI6IjE4NjcifX0=@&#8221; button_text=&#8221;Ask for a quote !&#8221; button_alignment=&#8221;center&#8221; _builder_version=&#8221;4.21.0&#8243; _dynamic_attributes=&#8221;button_url&#8221; _module_preset=&#8221;default&#8221; custom_button=&#8221;on&#8221; button_text_size=&#8221;18px&#8221; button_text_color=&#8221;#065e7d&#8221; button_bg_color=&#8221;#c4d600&#8243; button_border_width=&#8221;3px&#8221; button_border_color=&#8221;#c4d600&#8243; button_letter_spacing=&#8221;3px&#8221; button_font=&#8221;Roboto|900|on|on|||||&#8221; button_use_icon=&#8221;off&#8221; locked=&#8221;off&#8221; global_colors_info=&#8221;{}&#8221; button_bg_color__hover_enabled=&#8221;on|hover&#8221; button_bg_color__hover=&#8221;#005670&#8243; button_bg_enable_color__hover=&#8221;on&#8221; button_border_width__hover_enabled=&#8221;on|hover&#8221; button_border_width__hover=&#8221;3px&#8221; button_text_color__hover_enabled=&#8221;on|hover&#8221; button_text_color__hover=&#8221;#ffffff&#8221;][\/et_pb_button][\/et_pb_column][\/et_pb_row][\/et_pb_section]<\/p>\n","protected":false},"excerpt":{"rendered":"<p>Restez inform\u00e9 des dates, des lieux et des d\u00e9tails de nos \u00e9v\u00e9nements pour planifier votre participation et \u00eatre au c\u0153ur de l&#8217;action nautique cet \u00e9t\u00e9 !<\/p>\n","protected":false},"author":1,"featured_media":1789,"parent":0,"menu_order":0,"comment_status":"closed","ping_status":"closed","template":"","meta":{"_et_pb_use_builder":"on","_et_pb_old_content":"","_et_gb_content_width":"","footnotes":""},"class_list":["post-2103","page","type-page","status-publish","has-post-thumbnail","hentry"],"yoast_head":"<!-- This site is optimized with the Yoast SEO plugin v27.4 - https:\/\/yoast.com\/product\/yoast-seo-wordpress\/ -->\n<title>JetCycle : les \u00e9v\u00e9nements nautiques \u00e0 ne pas manquer en 2023<\/title>\n<meta name=\"description\" content=\"Restez inform\u00e9 des dates, des lieux et des d\u00e9tails de nos \u00e9v\u00e9nements pour planifier votre participation et \u00eatre au c\u0153ur de l&#039;action nautique cet \u00e9t\u00e9 !\" \/>\n<meta name=\"robots\" content=\"index, follow, max-snippet:-1, max-image-preview:large, max-video-preview:-1\" \/>\n<link rel=\"canonical\" href=\"https:\/\/jetcycle.fr\/en\/events\/\" \/>\n<meta property=\"og:locale\" content=\"en_US\" \/>\n<meta property=\"og:type\" content=\"article\" \/>\n<meta property=\"og:title\" content=\"JetCycle : les \u00e9v\u00e9nements nautiques \u00e0 ne pas manquer en 2023\" \/>\n<meta property=\"og:description\" content=\"Restez inform\u00e9 des dates, des lieux et des d\u00e9tails de nos \u00e9v\u00e9nements pour planifier votre participation et \u00eatre au c\u0153ur de l&#039;action nautique cet \u00e9t\u00e9 !\" \/>\n<meta property=\"og:url\" content=\"https:\/\/jetcycle.fr\/en\/events\/\" \/>\n<meta property=\"og:site_name\" content=\"Jetcycle\" \/>\n<meta property=\"article:modified_time\" content=\"2026-04-22T06:07:37+00:00\" \/>\n<meta property=\"og:image\" content=\"http:\/\/jetcycle.wepaul.com\/wp-content\/uploads\/2023\/04\/evenementiel-jetcyle-1-1024x683.jpg\" \/>\n<meta name=\"twitter:card\" content=\"summary_large_image\" \/>\n<meta name=\"twitter:title\" content=\"JetCycle : les \u00e9v\u00e9nements nautiques \u00e0 ne pas manquer en 2023\" \/>\n<meta name=\"twitter:description\" content=\"Restez inform\u00e9 des dates, des lieux et des d\u00e9tails de nos \u00e9v\u00e9nements pour planifier votre participation et \u00eatre au c\u0153ur de l&#039;action nautique cet \u00e9t\u00e9 !\" \/>\n<meta name=\"twitter:image\" content=\"http:\/\/jetcycle.wepaul.com\/wp-content\/uploads\/2023\/04\/evenementiel-jetcyle-1-1024x683.jpg\" \/>\n<meta name=\"twitter:label1\" content=\"Est. reading time\" \/>\n\t<meta name=\"twitter:data1\" content=\"3 minutes\" \/>\n<script type=\"application\/ld+json\" class=\"yoast-schema-graph\">{\"@context\":\"https:\\\/\\\/schema.org\",\"@graph\":[{\"@type\":\"WebPage\",\"@id\":\"https:\\\/\\\/jetcycle.fr\\\/en\\\/events\\\/\",\"url\":\"https:\\\/\\\/jetcycle.fr\\\/en\\\/events\\\/\",\"name\":\"JetCycle : les \u00e9v\u00e9nements nautiques \u00e0 ne pas manquer en 2023\",\"isPartOf\":{\"@id\":\"https:\\\/\\\/jetcycle.fr\\\/en\\\/#website\"},\"primaryImageOfPage\":{\"@id\":\"https:\\\/\\\/jetcycle.fr\\\/en\\\/events\\\/#primaryimage\"},\"image\":{\"@id\":\"https:\\\/\\\/jetcycle.fr\\\/en\\\/events\\\/#primaryimage\"},\"thumbnailUrl\":\"https:\\\/\\\/jetcycle.fr\\\/wp-content\\\/uploads\\\/2023\\\/04\\\/evenementiel-jetcyle-1.jpg\",\"datePublished\":\"2023-05-18T08:30:48+00:00\",\"dateModified\":\"2026-04-22T06:07:37+00:00\",\"description\":\"Restez inform\u00e9 des dates, des lieux et des d\u00e9tails de nos \u00e9v\u00e9nements pour planifier votre participation et \u00eatre au c\u0153ur de l'action nautique cet \u00e9t\u00e9 !\",\"breadcrumb\":{\"@id\":\"https:\\\/\\\/jetcycle.fr\\\/en\\\/events\\\/#breadcrumb\"},\"inLanguage\":\"en-US\",\"potentialAction\":[{\"@type\":\"ReadAction\",\"target\":[\"https:\\\/\\\/jetcycle.fr\\\/en\\\/events\\\/\"]}]},{\"@type\":\"ImageObject\",\"inLanguage\":\"en-US\",\"@id\":\"https:\\\/\\\/jetcycle.fr\\\/en\\\/events\\\/#primaryimage\",\"url\":\"https:\\\/\\\/jetcycle.fr\\\/wp-content\\\/uploads\\\/2023\\\/04\\\/evenementiel-jetcyle-1.jpg\",\"contentUrl\":\"https:\\\/\\\/jetcycle.fr\\\/wp-content\\\/uploads\\\/2023\\\/04\\\/evenementiel-jetcyle-1.jpg\",\"width\":1500,\"height\":1000},{\"@type\":\"BreadcrumbList\",\"@id\":\"https:\\\/\\\/jetcycle.fr\\\/en\\\/events\\\/#breadcrumb\",\"itemListElement\":[{\"@type\":\"ListItem\",\"position\":1,\"name\":\"Accueil\",\"item\":\"https:\\\/\\\/jetcycle.fr\\\/en\\\/\"},{\"@type\":\"ListItem\",\"position\":2,\"name\":\"EVENTS\"}]},{\"@type\":\"WebSite\",\"@id\":\"https:\\\/\\\/jetcycle.fr\\\/en\\\/#website\",\"url\":\"https:\\\/\\\/jetcycle.fr\\\/en\\\/\",\"name\":\"Jetcycle\",\"description\":\"P\u00e9daler . Se d\u00e9penser . Voler sur l\u2019eau !\",\"potentialAction\":[{\"@type\":\"SearchAction\",\"target\":{\"@type\":\"EntryPoint\",\"urlTemplate\":\"https:\\\/\\\/jetcycle.fr\\\/en\\\/?s={search_term_string}\"},\"query-input\":{\"@type\":\"PropertyValueSpecification\",\"valueRequired\":true,\"valueName\":\"search_term_string\"}}],\"inLanguage\":\"en-US\"}]}<\/script>\n<!-- \/ Yoast SEO plugin. -->","yoast_head_json":{"title":"JetCycle : les \u00e9v\u00e9nements nautiques \u00e0 ne pas manquer en 2023","description":"Restez inform\u00e9 des dates, des lieux et des d\u00e9tails de nos \u00e9v\u00e9nements pour planifier votre participation et \u00eatre au c\u0153ur de l'action nautique cet \u00e9t\u00e9 !","robots":{"index":"index","follow":"follow","max-snippet":"max-snippet:-1","max-image-preview":"max-image-preview:large","max-video-preview":"max-video-preview:-1"},"canonical":"https:\/\/jetcycle.fr\/en\/events\/","og_locale":"en_US","og_type":"article","og_title":"JetCycle : les \u00e9v\u00e9nements nautiques \u00e0 ne pas manquer en 2023","og_description":"Restez inform\u00e9 des dates, des lieux et des d\u00e9tails de nos \u00e9v\u00e9nements pour planifier votre participation et \u00eatre au c\u0153ur de l'action nautique cet \u00e9t\u00e9 !","og_url":"https:\/\/jetcycle.fr\/en\/events\/","og_site_name":"Jetcycle","article_modified_time":"2026-04-22T06:07:37+00:00","og_image":[{"url":"http:\/\/jetcycle.wepaul.com\/wp-content\/uploads\/2023\/04\/evenementiel-jetcyle-1-1024x683.jpg","type":"","width":"","height":""}],"twitter_card":"summary_large_image","twitter_title":"JetCycle : les \u00e9v\u00e9nements nautiques \u00e0 ne pas manquer en 2023","twitter_description":"Restez inform\u00e9 des dates, des lieux et des d\u00e9tails de nos \u00e9v\u00e9nements pour planifier votre participation et \u00eatre au c\u0153ur de l'action nautique cet \u00e9t\u00e9 !","twitter_image":"http:\/\/jetcycle.wepaul.com\/wp-content\/uploads\/2023\/04\/evenementiel-jetcyle-1-1024x683.jpg","twitter_misc":{"Est. reading time":"3 minutes"},"schema":{"@context":"https:\/\/schema.org","@graph":[{"@type":"WebPage","@id":"https:\/\/jetcycle.fr\/en\/events\/","url":"https:\/\/jetcycle.fr\/en\/events\/","name":"JetCycle : les \u00e9v\u00e9nements nautiques \u00e0 ne pas manquer en 2023","isPartOf":{"@id":"https:\/\/jetcycle.fr\/en\/#website"},"primaryImageOfPage":{"@id":"https:\/\/jetcycle.fr\/en\/events\/#primaryimage"},"image":{"@id":"https:\/\/jetcycle.fr\/en\/events\/#primaryimage"},"thumbnailUrl":"https:\/\/jetcycle.fr\/wp-content\/uploads\/2023\/04\/evenementiel-jetcyle-1.jpg","datePublished":"2023-05-18T08:30:48+00:00","dateModified":"2026-04-22T06:07:37+00:00","description":"Restez inform\u00e9 des dates, des lieux et des d\u00e9tails de nos \u00e9v\u00e9nements pour planifier votre participation et \u00eatre au c\u0153ur de l'action nautique cet \u00e9t\u00e9 !","breadcrumb":{"@id":"https:\/\/jetcycle.fr\/en\/events\/#breadcrumb"},"inLanguage":"en-US","potentialAction":[{"@type":"ReadAction","target":["https:\/\/jetcycle.fr\/en\/events\/"]}]},{"@type":"ImageObject","inLanguage":"en-US","@id":"https:\/\/jetcycle.fr\/en\/events\/#primaryimage","url":"https:\/\/jetcycle.fr\/wp-content\/uploads\/2023\/04\/evenementiel-jetcyle-1.jpg","contentUrl":"https:\/\/jetcycle.fr\/wp-content\/uploads\/2023\/04\/evenementiel-jetcyle-1.jpg","width":1500,"height":1000},{"@type":"BreadcrumbList","@id":"https:\/\/jetcycle.fr\/en\/events\/#breadcrumb","itemListElement":[{"@type":"ListItem","position":1,"name":"Accueil","item":"https:\/\/jetcycle.fr\/en\/"},{"@type":"ListItem","position":2,"name":"EVENTS"}]},{"@type":"WebSite","@id":"https:\/\/jetcycle.fr\/en\/#website","url":"https:\/\/jetcycle.fr\/en\/","name":"Jetcycle","description":"P\u00e9daler . Se d\u00e9penser . Voler sur l\u2019eau !","potentialAction":[{"@type":"SearchAction","target":{"@type":"EntryPoint","urlTemplate":"https:\/\/jetcycle.fr\/en\/?s={search_term_string}"},"query-input":{"@type":"PropertyValueSpecification","valueRequired":true,"valueName":"search_term_string"}}],"inLanguage":"en-US"}]}},"_links":{"self":[{"href":"https:\/\/jetcycle.fr\/en\/wp-json\/wp\/v2\/pages\/2103","targetHints":{"allow":["GET"]}}],"collection":[{"href":"https:\/\/jetcycle.fr\/en\/wp-json\/wp\/v2\/pages"}],"about":[{"href":"https:\/\/jetcycle.fr\/en\/wp-json\/wp\/v2\/types\/page"}],"author":[{"embeddable":true,"href":"https:\/\/jetcycle.fr\/en\/wp-json\/wp\/v2\/users\/1"}],"replies":[{"embeddable":true,"href":"https:\/\/jetcycle.fr\/en\/wp-json\/wp\/v2\/comments?post=2103"}],"version-history":[{"count":14,"href":"https:\/\/jetcycle.fr\/en\/wp-json\/wp\/v2\/pages\/2103\/revisions"}],"predecessor-version":[{"id":2976,"href":"https:\/\/jetcycle.fr\/en\/wp-json\/wp\/v2\/pages\/2103\/revisions\/2976"}],"wp:featuredmedia":[{"embeddable":true,"href":"https:\/\/jetcycle.fr\/en\/wp-json\/wp\/v2\/media\/1789"}],"wp:attachment":[{"href":"https:\/\/jetcycle.fr\/en\/wp-json\/wp\/v2\/media?parent=2103"}],"curies":[{"name":"wp","href":"https:\/\/api.w.org\/{rel}","templated":true}]}}