{"id":2109,"date":"2023-05-18T10:33:04","date_gmt":"2023-05-18T08:33:04","guid":{"rendered":"https:\/\/jetcycle.fr\/contact\/"},"modified":"2026-03-11T18:18:45","modified_gmt":"2026-03-11T17:18:45","slug":"contact","status":"publish","type":"page","link":"https:\/\/jetcycle.fr\/en\/contact\/","title":{"rendered":"CONTACT"},"content":{"rendered":"<p>[et_pb_section fb_built=&#8221;1&#8243; _builder_version=&#8221;4.21.0&#8243; _module_preset=&#8221;default&#8221; background_enable_color=&#8221;off&#8221; background_image=&#8221;http:\/\/jetcycle.wepaul.com\/wp-content\/uploads\/2020\/10\/jetcycle-contact.jpg&#8221; background_enable_video_mp4=&#8221;off&#8221; custom_padding=&#8221;100px||200px|||&#8221; bottom_divider_style=&#8221;asymmetric&#8221; bottom_divider_color=&#8221;#005670&#8243; locked=&#8221;off&#8221; global_colors_info=&#8221;{}&#8221;][et_pb_row _builder_version=&#8221;4.16&#8243; _module_preset=&#8221;default&#8221; width=&#8221;90%&#8221; max_width=&#8221;100%&#8221; global_colors_info=&#8221;{}&#8221;][et_pb_column type=&#8221;4_4&#8243; _builder_version=&#8221;4.16&#8243; _module_preset=&#8221;default&#8221; global_colors_info=&#8221;{}&#8221;][dsm_block_reveal_text block_reveal_text=&#8221;Contact&#8221; block_reveal_color=&#8221;#c2d500&#8243; block_reveal_delay=&#8221;0&#8243; block_reveal_viewport=&#8221;70%&#8221; _builder_version=&#8221;4.21.0&#8243; _module_preset=&#8221;default&#8221; header_font=&#8221;Roboto|900|on|on|||||&#8221; header_text_align=&#8221;center&#8221; header_text_color=&#8221;#ffffff&#8221; header_font_size=&#8221;40px&#8221; background_enable_color=&#8221;off&#8221; module_alignment=&#8221;center&#8221; custom_margin=&#8221;5px||5px||true|false&#8221; custom_padding=&#8221;10px|15px|10px|15px|true|true&#8221; global_colors_info=&#8221;{}&#8221;][\/dsm_block_reveal_text][dsm_block_reveal_text block_reveal_text=&#8221;A REQUEST FOR A QUOTE? A QUESTION ABOUT THE PRACTICE? ANY PARTICULAR INFORMATION? CONTACT US, OUR TEAM WILL BE HAPPY TO HELP YOU!&#8221; block_reveal_color=&#8221;#c2d500&#8243; block_reveal_delay=&#8221;0&#8243; block_reveal_viewport=&#8221;70%&#8221; _builder_version=&#8221;4.21.0&#8243; _module_preset=&#8221;default&#8221; header_font=&#8221;Roboto|900|on|on|||||&#8221; header_text_align=&#8221;center&#8221; header_text_color=&#8221;#ffffff&#8221; header_font_size=&#8221;20px&#8221; header_letter_spacing=&#8221;3px&#8221; header_line_height=&#8221;1.4em&#8221; custom_margin=&#8221;35px||35px||true|false&#8221; locked=&#8221;off&#8221; global_colors_info=&#8221;{}&#8221;][\/dsm_block_reveal_text][et_pb_contact_form use_spam_service=&#8221;on&#8221; recaptcha_list=&#8221;JETCYCLE|JETCYCLE-0&#8243; email=&#8221;contact@jetcycle.fr&#8221; custom_message=&#8221;\/\/\/ MESSAGE DU SITE INTERNET JETCYCLE ||et_pb_line_break_holder||Nom du contact : %%nom%%||et_pb_line_break_holder||Pr\u00e9nom du contact: %%prenom%%||et_pb_line_break_holder||Nom de la soci\u00e9t\u00e9: %%nom_societe%%||et_pb_line_break_holder||email : %%email%%||et_pb_line_break_holder||Message : %%message%%&#8221; success_message=&#8221;Thank you !&#8221; submit_button_text=&#8221;Send&#8221; _builder_version=&#8221;4.27.4&#8243; _module_preset=&#8221;default&#8221; _unique_id=&#8221;4c8fb1e7-4bb9-4525-a887-9d7427fc01ca&#8221; form_field_background_color=&#8221;#ffffff&#8221; form_field_text_color=&#8221;#005670&#8243; form_field_focus_background_color=&#8221;#efefef&#8221; captcha_font=&#8221;Roboto||||||||&#8221; captcha_text_color=&#8221;#ffffff&#8221; form_field_font=&#8221;Roboto||||||||&#8221; custom_button=&#8221;on&#8221; button_text_color=&#8221;#ffffff&#8221; button_bg_color=&#8221;#005670&#8243; button_border_width=&#8221;0px&#8221; button_letter_spacing=&#8221;3px&#8221; button_font=&#8221;Roboto|900|on|on|||||&#8221; button_icon=&#8221;&#x39;||divi||400&#8243; button_icon_color=&#8221;#ffffff&#8221; custom_margin=&#8221;76px|||||&#8221; animation_style=&#8221;bounce&#8221; animation_direction=&#8221;bottom&#8221; hover_enabled=&#8221;0&#8243; custom_css_main_element=&#8221;color: white;||font-family: roboto;||font-weight: 900;||font-size: 30px;||font-style:italic;||letter-spacing:3px;||text-align: center;||text-transform: uppercase;||&#8221; border_color_all=&#8221;rgba(0,0,0,0)&#8221; border_style_all=&#8221;none&#8221; global_colors_info=&#8221;{}&#8221; border_width_all__hover_enabled=&#8221;off|desktop&#8221; border_width_all__hover=&#8221;1px&#8221; sticky_enabled=&#8221;0&#8243;][et_pb_contact_field field_id=&#8221;nom&#8221; field_title=&#8221;Family name&#8221; required_mark=&#8221;off&#8221; _builder_version=&#8221;4.16&#8243; form_field_focus_text_color=&#8221;#065e7d&#8221; form_field_letter_spacing=&#8221;2px&#8221; global_colors_info=&#8221;{}&#8221; button_text_size__hover_enabled=&#8221;off&#8221; button_one_text_size__hover_enabled=&#8221;off&#8221; button_two_text_size__hover_enabled=&#8221;off&#8221; button_text_color__hover_enabled=&#8221;off&#8221; button_one_text_color__hover_enabled=&#8221;off&#8221; button_two_text_color__hover_enabled=&#8221;off&#8221; button_border_width__hover_enabled=&#8221;off&#8221; button_one_border_width__hover_enabled=&#8221;off&#8221; button_two_border_width__hover_enabled=&#8221;off&#8221; button_border_color__hover_enabled=&#8221;off&#8221; button_one_border_color__hover_enabled=&#8221;off&#8221; button_two_border_color__hover_enabled=&#8221;off&#8221; button_border_radius__hover_enabled=&#8221;off&#8221; button_one_border_radius__hover_enabled=&#8221;off&#8221; button_two_border_radius__hover_enabled=&#8221;off&#8221; button_letter_spacing__hover_enabled=&#8221;off&#8221; button_one_letter_spacing__hover_enabled=&#8221;off&#8221; button_two_letter_spacing__hover_enabled=&#8221;off&#8221; button_bg_color__hover_enabled=&#8221;off&#8221; button_one_bg_color__hover_enabled=&#8221;off&#8221; button_two_bg_color__hover_enabled=&#8221;off&#8221;][\/et_pb_contact_field][et_pb_contact_field field_id=&#8221;prenom&#8221; field_title=&#8221;Name&#8221; _builder_version=&#8221;4.16&#8243; form_field_focus_text_color=&#8221;#065e7d&#8221; form_field_letter_spacing=&#8221;2px&#8221; global_colors_info=&#8221;{}&#8221; button_text_size__hover_enabled=&#8221;off&#8221; button_one_text_size__hover_enabled=&#8221;off&#8221; button_two_text_size__hover_enabled=&#8221;off&#8221; button_text_color__hover_enabled=&#8221;off&#8221; button_one_text_color__hover_enabled=&#8221;off&#8221; button_two_text_color__hover_enabled=&#8221;off&#8221; button_border_width__hover_enabled=&#8221;off&#8221; button_one_border_width__hover_enabled=&#8221;off&#8221; button_two_border_width__hover_enabled=&#8221;off&#8221; button_border_color__hover_enabled=&#8221;off&#8221; button_one_border_color__hover_enabled=&#8221;off&#8221; button_two_border_color__hover_enabled=&#8221;off&#8221; button_border_radius__hover_enabled=&#8221;off&#8221; button_one_border_radius__hover_enabled=&#8221;off&#8221; button_two_border_radius__hover_enabled=&#8221;off&#8221; button_letter_spacing__hover_enabled=&#8221;off&#8221; button_one_letter_spacing__hover_enabled=&#8221;off&#8221; button_two_letter_spacing__hover_enabled=&#8221;off&#8221; button_bg_color__hover_enabled=&#8221;off&#8221; button_one_bg_color__hover_enabled=&#8221;off&#8221; button_two_bg_color__hover_enabled=&#8221;off&#8221;][\/et_pb_contact_field][et_pb_contact_field field_id=&#8221;nom_societe&#8221; field_title=&#8221;Company (optional)&#8221; required_mark=&#8221;off&#8221; _builder_version=&#8221;4.16&#8243; form_field_focus_text_color=&#8221;#065e7d&#8221; form_field_letter_spacing=&#8221;2px&#8221; global_colors_info=&#8221;{}&#8221; button_text_size__hover_enabled=&#8221;off&#8221; button_one_text_size__hover_enabled=&#8221;off&#8221; button_two_text_size__hover_enabled=&#8221;off&#8221; button_text_color__hover_enabled=&#8221;off&#8221; button_one_text_color__hover_enabled=&#8221;off&#8221; button_two_text_color__hover_enabled=&#8221;off&#8221; button_border_width__hover_enabled=&#8221;off&#8221; button_one_border_width__hover_enabled=&#8221;off&#8221; button_two_border_width__hover_enabled=&#8221;off&#8221; button_border_color__hover_enabled=&#8221;off&#8221; button_one_border_color__hover_enabled=&#8221;off&#8221; button_two_border_color__hover_enabled=&#8221;off&#8221; button_border_radius__hover_enabled=&#8221;off&#8221; button_one_border_radius__hover_enabled=&#8221;off&#8221; button_two_border_radius__hover_enabled=&#8221;off&#8221; button_letter_spacing__hover_enabled=&#8221;off&#8221; button_one_letter_spacing__hover_enabled=&#8221;off&#8221; button_two_letter_spacing__hover_enabled=&#8221;off&#8221; button_bg_color__hover_enabled=&#8221;off&#8221; button_one_bg_color__hover_enabled=&#8221;off&#8221; button_two_bg_color__hover_enabled=&#8221;off&#8221;][\/et_pb_contact_field][et_pb_contact_field field_id=&#8221;email&#8221; field_title=&#8221;Email&#8221; field_type=&#8221;email&#8221; _builder_version=&#8221;4.16&#8243; form_field_focus_text_color=&#8221;#065e7d&#8221; form_field_letter_spacing=&#8221;2px&#8221; global_colors_info=&#8221;{}&#8221; button_text_size__hover_enabled=&#8221;off&#8221; button_one_text_size__hover_enabled=&#8221;off&#8221; button_two_text_size__hover_enabled=&#8221;off&#8221; button_text_color__hover_enabled=&#8221;off&#8221; button_one_text_color__hover_enabled=&#8221;off&#8221; button_two_text_color__hover_enabled=&#8221;off&#8221; button_border_width__hover_enabled=&#8221;off&#8221; button_one_border_width__hover_enabled=&#8221;off&#8221; button_two_border_width__hover_enabled=&#8221;off&#8221; button_border_color__hover_enabled=&#8221;off&#8221; button_one_border_color__hover_enabled=&#8221;off&#8221; button_two_border_color__hover_enabled=&#8221;off&#8221; button_border_radius__hover_enabled=&#8221;off&#8221; button_one_border_radius__hover_enabled=&#8221;off&#8221; button_two_border_radius__hover_enabled=&#8221;off&#8221; button_letter_spacing__hover_enabled=&#8221;off&#8221; button_one_letter_spacing__hover_enabled=&#8221;off&#8221; button_two_letter_spacing__hover_enabled=&#8221;off&#8221; button_bg_color__hover_enabled=&#8221;off&#8221; button_one_bg_color__hover_enabled=&#8221;off&#8221; button_two_bg_color__hover_enabled=&#8221;off&#8221;][\/et_pb_contact_field][et_pb_contact_field field_id=&#8221;message&#8221; field_title=&#8221;Message&#8221; field_type=&#8221;text&#8221; fullwidth_field=&#8221;on&#8221; _builder_version=&#8221;4.16&#8243; form_field_focus_text_color=&#8221;#065e7d&#8221; form_field_letter_spacing=&#8221;2px&#8221; global_colors_info=&#8221;{}&#8221; button_text_size__hover_enabled=&#8221;off&#8221; button_one_text_size__hover_enabled=&#8221;off&#8221; button_two_text_size__hover_enabled=&#8221;off&#8221; button_text_color__hover_enabled=&#8221;off&#8221; button_one_text_color__hover_enabled=&#8221;off&#8221; button_two_text_color__hover_enabled=&#8221;off&#8221; button_border_width__hover_enabled=&#8221;off&#8221; button_one_border_width__hover_enabled=&#8221;off&#8221; button_two_border_width__hover_enabled=&#8221;off&#8221; button_border_color__hover_enabled=&#8221;off&#8221; button_one_border_color__hover_enabled=&#8221;off&#8221; button_two_border_color__hover_enabled=&#8221;off&#8221; button_border_radius__hover_enabled=&#8221;off&#8221; button_one_border_radius__hover_enabled=&#8221;off&#8221; button_two_border_radius__hover_enabled=&#8221;off&#8221; button_letter_spacing__hover_enabled=&#8221;off&#8221; button_one_letter_spacing__hover_enabled=&#8221;off&#8221; button_two_letter_spacing__hover_enabled=&#8221;off&#8221; button_bg_color__hover_enabled=&#8221;off&#8221; button_one_bg_color__hover_enabled=&#8221;off&#8221; button_two_bg_color__hover_enabled=&#8221;off&#8221;][\/et_pb_contact_field][\/et_pb_contact_form][\/et_pb_column][\/et_pb_row][\/et_pb_section]<\/p>\n","protected":false},"excerpt":{"rendered":"<p>Remplissez notre formulaire de contact, nous vous r\u00e9pondrons dans les plus brefs d\u00e9lais.<\/p>\n","protected":false},"author":1,"featured_media":1277,"parent":0,"menu_order":0,"comment_status":"closed","ping_status":"closed","template":"","meta":{"_et_pb_use_builder":"on","_et_pb_old_content":"","_et_gb_content_width":"","footnotes":""},"class_list":["post-2109","page","type-page","status-publish","has-post-thumbnail","hentry"],"yoast_head":"<!-- This site is optimized with the Yoast SEO plugin v27.4 - https:\/\/yoast.com\/product\/yoast-seo-wordpress\/ -->\n<title>Contactez-nous : L&#039;\u00e9quipe JetCycle sera ravie de r\u00e9pondre \u00e0 vos questions et demandes de devis<\/title>\n<meta name=\"description\" content=\"Remplissez notre formulaire de contact, nous vous r\u00e9pondrons dans les plus brefs d\u00e9lais.\" \/>\n<meta name=\"robots\" content=\"index, follow, max-snippet:-1, max-image-preview:large, max-video-preview:-1\" \/>\n<link rel=\"canonical\" href=\"https:\/\/jetcycle.fr\/en\/contact\/\" \/>\n<meta property=\"og:locale\" content=\"en_US\" \/>\n<meta property=\"og:type\" content=\"article\" \/>\n<meta property=\"og:title\" content=\"Contactez-nous : L&#039;\u00e9quipe JetCycle sera ravie de r\u00e9pondre \u00e0 vos questions et demandes de devis\" \/>\n<meta property=\"og:description\" content=\"Remplissez notre formulaire de contact, nous vous r\u00e9pondrons dans les plus brefs d\u00e9lais.\" \/>\n<meta property=\"og:url\" content=\"https:\/\/jetcycle.fr\/en\/contact\/\" \/>\n<meta property=\"og:site_name\" content=\"Jetcycle\" \/>\n<meta property=\"article:modified_time\" content=\"2026-03-11T17:18:45+00:00\" \/>\n<meta property=\"og:image\" content=\"http:\/\/jetcycle.wepaul.com\/wp-content\/uploads\/2022\/06\/Sans-titre-2022-06-21T120057.336-1024x768.png\" \/>\n<meta name=\"twitter:card\" content=\"summary_large_image\" \/>\n<meta name=\"twitter:title\" content=\"Contactez-nous : L&#039;\u00e9quipe JetCycle sera ravie de r\u00e9pondre \u00e0 vos questions et demandes de devis\" \/>\n<meta name=\"twitter:description\" content=\"Remplissez notre formulaire de contact, nous vous r\u00e9pondrons dans les plus brefs d\u00e9lais.\" \/>\n<meta name=\"twitter:image\" content=\"http:\/\/jetcycle.wepaul.com\/wp-content\/uploads\/2022\/06\/Sans-titre-2022-06-21T095640.010-1024x555.png\" \/>\n<meta name=\"twitter:label1\" content=\"Est. reading time\" \/>\n\t<meta name=\"twitter:data1\" content=\"7 minutes\" \/>\n<script type=\"application\/ld+json\" class=\"yoast-schema-graph\">{\"@context\":\"https:\\\/\\\/schema.org\",\"@graph\":[{\"@type\":\"WebPage\",\"@id\":\"https:\\\/\\\/jetcycle.fr\\\/en\\\/contact\\\/\",\"url\":\"https:\\\/\\\/jetcycle.fr\\\/en\\\/contact\\\/\",\"name\":\"Contactez-nous : L'\u00e9quipe JetCycle sera ravie de r\u00e9pondre \u00e0 vos questions et demandes de devis\",\"isPartOf\":{\"@id\":\"https:\\\/\\\/jetcycle.fr\\\/en\\\/#website\"},\"primaryImageOfPage\":{\"@id\":\"https:\\\/\\\/jetcycle.fr\\\/en\\\/contact\\\/#primaryimage\"},\"image\":{\"@id\":\"https:\\\/\\\/jetcycle.fr\\\/en\\\/contact\\\/#primaryimage\"},\"thumbnailUrl\":\"https:\\\/\\\/jetcycle.fr\\\/wp-content\\\/uploads\\\/2022\\\/06\\\/Sans-titre-2022-06-21T120057.336.png\",\"datePublished\":\"2023-05-18T08:33:04+00:00\",\"dateModified\":\"2026-03-11T17:18:45+00:00\",\"description\":\"Remplissez notre formulaire de contact, nous vous r\u00e9pondrons dans les plus brefs d\u00e9lais.\",\"breadcrumb\":{\"@id\":\"https:\\\/\\\/jetcycle.fr\\\/en\\\/contact\\\/#breadcrumb\"},\"inLanguage\":\"en-US\",\"potentialAction\":[{\"@type\":\"ReadAction\",\"target\":[\"https:\\\/\\\/jetcycle.fr\\\/en\\\/contact\\\/\"]}]},{\"@type\":\"ImageObject\",\"inLanguage\":\"en-US\",\"@id\":\"https:\\\/\\\/jetcycle.fr\\\/en\\\/contact\\\/#primaryimage\",\"url\":\"https:\\\/\\\/jetcycle.fr\\\/wp-content\\\/uploads\\\/2022\\\/06\\\/Sans-titre-2022-06-21T120057.336.png\",\"contentUrl\":\"https:\\\/\\\/jetcycle.fr\\\/wp-content\\\/uploads\\\/2022\\\/06\\\/Sans-titre-2022-06-21T120057.336.png\",\"width\":1200,\"height\":900},{\"@type\":\"BreadcrumbList\",\"@id\":\"https:\\\/\\\/jetcycle.fr\\\/en\\\/contact\\\/#breadcrumb\",\"itemListElement\":[{\"@type\":\"ListItem\",\"position\":1,\"name\":\"Accueil\",\"item\":\"https:\\\/\\\/jetcycle.fr\\\/en\\\/\"},{\"@type\":\"ListItem\",\"position\":2,\"name\":\"CONTACT\"}]},{\"@type\":\"WebSite\",\"@id\":\"https:\\\/\\\/jetcycle.fr\\\/en\\\/#website\",\"url\":\"https:\\\/\\\/jetcycle.fr\\\/en\\\/\",\"name\":\"Jetcycle\",\"description\":\"P\u00e9daler . Se d\u00e9penser . Voler sur l\u2019eau !\",\"potentialAction\":[{\"@type\":\"SearchAction\",\"target\":{\"@type\":\"EntryPoint\",\"urlTemplate\":\"https:\\\/\\\/jetcycle.fr\\\/en\\\/?s={search_term_string}\"},\"query-input\":{\"@type\":\"PropertyValueSpecification\",\"valueRequired\":true,\"valueName\":\"search_term_string\"}}],\"inLanguage\":\"en-US\"}]}<\/script>\n<!-- \/ Yoast SEO plugin. -->","yoast_head_json":{"title":"Contactez-nous : L'\u00e9quipe JetCycle sera ravie de r\u00e9pondre \u00e0 vos questions et demandes de devis","description":"Remplissez notre formulaire de contact, nous vous r\u00e9pondrons dans les plus brefs d\u00e9lais.","robots":{"index":"index","follow":"follow","max-snippet":"max-snippet:-1","max-image-preview":"max-image-preview:large","max-video-preview":"max-video-preview:-1"},"canonical":"https:\/\/jetcycle.fr\/en\/contact\/","og_locale":"en_US","og_type":"article","og_title":"Contactez-nous : L'\u00e9quipe JetCycle sera ravie de r\u00e9pondre \u00e0 vos questions et demandes de devis","og_description":"Remplissez notre formulaire de contact, nous vous r\u00e9pondrons dans les plus brefs d\u00e9lais.","og_url":"https:\/\/jetcycle.fr\/en\/contact\/","og_site_name":"Jetcycle","article_modified_time":"2026-03-11T17:18:45+00:00","og_image":[{"url":"http:\/\/jetcycle.wepaul.com\/wp-content\/uploads\/2022\/06\/Sans-titre-2022-06-21T120057.336-1024x768.png","type":"","width":"","height":""}],"twitter_card":"summary_large_image","twitter_title":"Contactez-nous : L'\u00e9quipe JetCycle sera ravie de r\u00e9pondre \u00e0 vos questions et demandes de devis","twitter_description":"Remplissez notre formulaire de contact, nous vous r\u00e9pondrons dans les plus brefs d\u00e9lais.","twitter_image":"http:\/\/jetcycle.wepaul.com\/wp-content\/uploads\/2022\/06\/Sans-titre-2022-06-21T095640.010-1024x555.png","twitter_misc":{"Est. reading time":"7 minutes"},"schema":{"@context":"https:\/\/schema.org","@graph":[{"@type":"WebPage","@id":"https:\/\/jetcycle.fr\/en\/contact\/","url":"https:\/\/jetcycle.fr\/en\/contact\/","name":"Contactez-nous : L'\u00e9quipe JetCycle sera ravie de r\u00e9pondre \u00e0 vos questions et demandes de devis","isPartOf":{"@id":"https:\/\/jetcycle.fr\/en\/#website"},"primaryImageOfPage":{"@id":"https:\/\/jetcycle.fr\/en\/contact\/#primaryimage"},"image":{"@id":"https:\/\/jetcycle.fr\/en\/contact\/#primaryimage"},"thumbnailUrl":"https:\/\/jetcycle.fr\/wp-content\/uploads\/2022\/06\/Sans-titre-2022-06-21T120057.336.png","datePublished":"2023-05-18T08:33:04+00:00","dateModified":"2026-03-11T17:18:45+00:00","description":"Remplissez notre formulaire de contact, nous vous r\u00e9pondrons dans les plus brefs d\u00e9lais.","breadcrumb":{"@id":"https:\/\/jetcycle.fr\/en\/contact\/#breadcrumb"},"inLanguage":"en-US","potentialAction":[{"@type":"ReadAction","target":["https:\/\/jetcycle.fr\/en\/contact\/"]}]},{"@type":"ImageObject","inLanguage":"en-US","@id":"https:\/\/jetcycle.fr\/en\/contact\/#primaryimage","url":"https:\/\/jetcycle.fr\/wp-content\/uploads\/2022\/06\/Sans-titre-2022-06-21T120057.336.png","contentUrl":"https:\/\/jetcycle.fr\/wp-content\/uploads\/2022\/06\/Sans-titre-2022-06-21T120057.336.png","width":1200,"height":900},{"@type":"BreadcrumbList","@id":"https:\/\/jetcycle.fr\/en\/contact\/#breadcrumb","itemListElement":[{"@type":"ListItem","position":1,"name":"Accueil","item":"https:\/\/jetcycle.fr\/en\/"},{"@type":"ListItem","position":2,"name":"CONTACT"}]},{"@type":"WebSite","@id":"https:\/\/jetcycle.fr\/en\/#website","url":"https:\/\/jetcycle.fr\/en\/","name":"Jetcycle","description":"P\u00e9daler . Se d\u00e9penser . Voler sur l\u2019eau !","potentialAction":[{"@type":"SearchAction","target":{"@type":"EntryPoint","urlTemplate":"https:\/\/jetcycle.fr\/en\/?s={search_term_string}"},"query-input":{"@type":"PropertyValueSpecification","valueRequired":true,"valueName":"search_term_string"}}],"inLanguage":"en-US"}]}},"_links":{"self":[{"href":"https:\/\/jetcycle.fr\/en\/wp-json\/wp\/v2\/pages\/2109","targetHints":{"allow":["GET"]}}],"collection":[{"href":"https:\/\/jetcycle.fr\/en\/wp-json\/wp\/v2\/pages"}],"about":[{"href":"https:\/\/jetcycle.fr\/en\/wp-json\/wp\/v2\/types\/page"}],"author":[{"embeddable":true,"href":"https:\/\/jetcycle.fr\/en\/wp-json\/wp\/v2\/users\/1"}],"replies":[{"embeddable":true,"href":"https:\/\/jetcycle.fr\/en\/wp-json\/wp\/v2\/comments?post=2109"}],"version-history":[{"count":14,"href":"https:\/\/jetcycle.fr\/en\/wp-json\/wp\/v2\/pages\/2109\/revisions"}],"predecessor-version":[{"id":2899,"href":"https:\/\/jetcycle.fr\/en\/wp-json\/wp\/v2\/pages\/2109\/revisions\/2899"}],"wp:featuredmedia":[{"embeddable":true,"href":"https:\/\/jetcycle.fr\/en\/wp-json\/wp\/v2\/media\/1277"}],"wp:attachment":[{"href":"https:\/\/jetcycle.fr\/en\/wp-json\/wp\/v2\/media?parent=2109"}],"curies":[{"name":"wp","href":"https:\/\/api.w.org\/{rel}","templated":true}]}}